{"id":117,"date":"2017-02-04T16:48:14","date_gmt":"2017-02-04T15:48:14","guid":{"rendered":"http:\/\/www.eboo.fr\/?page_id=117"},"modified":"2021-10-05T16:59:37","modified_gmt":"2021-10-05T14:59:37","slug":"eboo-box","status":"publish","type":"page","link":"https:\/\/www.eboo.fr\/en\/eboo-box\/","title":{"rendered":"eboo box"},"content":{"rendered":"<p>[et_pb_section fb_built=\u00a0\u00bb1&Prime; fullwidth=\u00a0\u00bbon\u00a0\u00bb _builder_version=\u00a0\u00bb3.22.3&Prime; collapsed=\u00a0\u00bboff\u00a0\u00bb global_colors_info=\u00a0\u00bb{}\u00a0\u00bb][et_pb_fullwidth_header title=\u00a0\u00bbeboo box\u00a0\u00bb subhead=\u00a0\u00bb<\/p>\n<h4>the \"ready to record\" video surveillance server<\/h4>\n<p>\u00a0\u00bb header_fullscreen=\u00a0\u00bbon\u00a0\u00bb header_scroll_down=\u00a0\u00bbon\u00a0\u00bb scroll_down_icon=\u00a0\u00bb%%1%%\u00a0\u00bb button_one_text=\u00a0\u00bbD\u00e9couvrir\u00a0\u00bb button_one_url=\u00a0\u00bb#product_description\u00a0\u00bb button_two_text=\u00a0\u00bbCaract\u00e9ristiques\u00a0\u00bb button_two_url=\u00a0\u00bb#specs\u00a0\u00bb _builder_version=\u00a0\u00bb3.19.9&Prime; title_font=\u00a0\u00bb|700|||||||\u00a0\u00bb content_line_height=\u00a0\u00bb1em\u00a0\u00bb background_image=\u00a0\u00bbhttps:\/\/www.eboo.fr\/wp-content\/uploads\/eboo_box_header.jpg\u00a0\u00bb parallax=\u00a0\u00bbon\u00a0\u00bb parallax_method=\u00a0\u00bbon\u00a0\u00bb custom_button_one=\u00a0\u00bbon\u00a0\u00bb button_one_use_icon=\u00a0\u00bboff\u00a0\u00bb custom_button_two=\u00a0\u00bbon\u00a0\u00bb button_two_use_icon=\u00a0\u00bboff\u00a0\u00bb max_width=\u00a0\u00bb100%\u00a0\u00bb custom_css_button_2=\u00a0\u00bbdisplay:none\u00a0\u00bb global_module=\u00a0\u00bb812&Prime; saved_tabs=\u00a0\u00bball\u00a0\u00bb global_colors_info=\u00a0\u00bb{}\u00a0\u00bb button_one_text_size__hover_enabled=\u00a0\u00bboff\u00a0\u00bb button_two_text_size__hover_enabled=\u00a0\u00bboff\u00a0\u00bb button_one_text_color__hover_enabled=\u00a0\u00bboff\u00a0\u00bb button_two_text_color__hover_enabled=\u00a0\u00bboff\u00a0\u00bb button_one_border_width__hover_enabled=\u00a0\u00bboff\u00a0\u00bb button_two_border_width__hover_enabled=\u00a0\u00bboff\u00a0\u00bb button_one_border_color__hover_enabled=\u00a0\u00bboff\u00a0\u00bb button_two_border_color__hover_enabled=\u00a0\u00bboff\u00a0\u00bb button_one_border_radius__hover_enabled=\u00a0\u00bboff\u00a0\u00bb button_two_border_radius__hover_enabled=\u00a0\u00bboff\u00a0\u00bb button_one_letter_spacing__hover_enabled=\u00a0\u00bboff\u00a0\u00bb button_two_letter_spacing__hover_enabled=\u00a0\u00bboff\u00a0\u00bb button_one_bg_color__hover_enabled=\u00a0\u00bboff\u00a0\u00bb button_two_bg_color__hover_enabled=\u00a0\u00bboff\u00a0\u00bb][\/et_pb_fullwidth_header][\/et_pb_section][et_pb_section fb_built=\u00a0\u00bb1&Prime; module_id=\u00a0\u00bbproduct_description\u00a0\u00bb _builder_version=\u00a0\u00bb3.22.3&Prime; global_colors_info=\u00a0\u00bb{}\u00a0\u00bb][et_pb_row _builder_version=\u00a0\u00bb3.25&Prime; background_size=\u00a0\u00bbinitial\u00a0\u00bb background_position=\u00a0\u00bbtop_left\u00a0\u00bb background_repeat=\u00a0\u00bbrepeat\u00a0\u00bb global_colors_info=\u00a0\u00bb{}\u00a0\u00bb][et_pb_column type=\u00a0\u00bb4_4&Prime; _builder_version=\u00a0\u00bb3.25&Prime; custom_padding=\u00a0\u00bb|||\u00a0\u00bb global_colors_info=\u00a0\u00bb{}\u00a0\u00bb custom_padding__hover=\u00a0\u00bb|||\u00a0\u00bb][et_pb_text admin_label=\u00a0\u00bbPr\u00e9sentation &#8211; eboo box\u00a0\u00bb _builder_version=\u00a0\u00bb3.20.2&Prime; custom_css_main_element=\u00a0\u00bbtext-align:justify;\u00a0\u00bb global_module=\u00a0\u00bb432&Prime; saved_tabs=\u00a0\u00bball\u00a0\u00bb global_colors_info=\u00a0\u00bb{}\u00a0\u00bb]<\/p>\n<h1><strong>eboo box<\/strong><\/h1>\n<p>&nbsp;<\/p>\n<p><strong><i>eboo box<\/i><\/strong> is a \"ready to record\" video surveillance server, on which <strong><i>eboo server<\/i><\/strong> or <strong><i>eboo basic<i><\/i><\/i><\/strong> is already installed. All you have to do is configure the<strong><i>eboo box<i><\/i><\/i><\/strong> on your network.<\/p>\n<p>Nous disposons d\u2019une gamme compl\u00e8te en terme de stockage et performance.[\/et_pb_text][\/et_pb_column][\/et_pb_row][et_pb_row column_structure=\u00a0\u00bb1_3,1_3,1_3&Prime; _builder_version=\u00a0\u00bb3.25&Prime; global_colors_info=\u00a0\u00bb{}\u00a0\u00bb][et_pb_column type=\u00a0\u00bb1_3&Prime; _builder_version=\u00a0\u00bb3.25&Prime; custom_padding=\u00a0\u00bb|||\u00a0\u00bb global_colors_info=\u00a0\u00bb{}\u00a0\u00bb custom_padding__hover=\u00a0\u00bb|||\u00a0\u00bb][et_pb_code admin_label=\u00a0\u00bbCode\u00a0\u00bb _builder_version=\u00a0\u00bb4.10.7&Prime; hover_enabled=\u00a0\u00bb0&Prime; global_colors_info=\u00a0\u00bb{}\u00a0\u00bb sticky_enabled=\u00a0\u00bb0&Prime;]<\/p>\n<div class=\"ebooProductCard\"><!-- [et_pb_line_break_holder] -->    <\/p>\n<div class=\"productCardContentContainer\"><!-- [et_pb_line_break_holder] -->      <\/p>\n<div class=\"productCardTitle\"><!-- [et_pb_line_break_holder] -->        <\/p>\n<h2>Mini ITX<\/h2>\n<p><!-- [et_pb_line_break_holder] -->      <\/div>\n<p><!-- [et_pb_line_break_holder] -->      <\/p>\n<div class=\"productCardSeparator\"><!-- [et_pb_line_break_holder] -->        <\/p>\n<hr>\n<p><!-- [et_pb_line_break_holder] -->      <\/div>\n<p><!-- [et_pb_line_break_holder] -->      <\/p>\n<div class=\"productCardTextContainer\"><!-- [et_pb_line_break_holder] -->      <!\u2013- [et_pb_br_holder] -\u2013><strong><i>eboo box<\/i><\/strong> 2 To, 4 To et 8 To<!-- [et_pb_line_break_holder] -->        <!\u2013- [et_pb_br_holder] -\u2013>R\u00e9f\u00e9rences : EB2MX \/ EB4MX \/ EB8MX<!\u2013- [et_pb_br_holder] -\u2013><!-- [et_pb_line_break_holder] -->        <!\u2013- [et_pb_br_holder] -\u2013>2 or 4 camera licenses included<!-- [et_pb_line_break_holder] -->        <!\u2013- [et_pb_br_holder] -\u2013>Software update 1 year<!-- [et_pb_line_break_holder] -->        <!\u2013- [et_pb_br_holder] -\u2013>1 year workshop return warranty<!-- [et_pb_line_break_holder] -->        <!\u2013- [et_pb_br_holder] -\u2013><!-- [et_pb_line_break_holder] -->        <!\u2013- [et_pb_br_holder] -\u2013><!-- [et_pb_line_break_holder] -->      <\/div>\n<p><!-- [et_pb_line_break_holder] -->      <\/p>\n<div class=\"productCardButton\"><!-- [et_pb_line_break_holder] -->        <a class=\"et_pb_button et_pb_custom_button_icon seeMoreButton\" href=\"http:\/\/public.eboo.fr\/mkt\/eboo_box_MX-3.1.pdf\" target=\"_blank\" rel=\"noopener noreferrer\">More<\/a><!-- [et_pb_line_break_holder] -->      <\/div>\n<p><!-- [et_pb_line_break_holder] -->    <\/div>\n<p><!-- [et_pb_line_break_holder] --><\/div>\n<p>[\/et_pb_code][\/et_pb_column][et_pb_column type=\u00a0\u00bb1_3&Prime; _builder_version=\u00a0\u00bb3.25&Prime; custom_padding=\u00a0\u00bb|||\u00a0\u00bb global_colors_info=\u00a0\u00bb{}\u00a0\u00bb custom_padding__hover=\u00a0\u00bb|||\u00a0\u00bb][et_pb_code _builder_version=\u00a0\u00bb3.22.4&Prime; global_colors_info=\u00a0\u00bb{}\u00a0\u00bb]<\/p>\n<div class=\"ebooProductCard\"><!-- [et_pb_line_break_holder] -->    <\/p>\n<div class=\"productCardContentContainer\"><!-- [et_pb_line_break_holder] -->      <\/p>\n<div class=\"productCardTitle\"><!-- [et_pb_line_break_holder] -->        <\/p>\n<h2>Rack 1U short<\/h2>\n<p><!-- [et_pb_line_break_holder] -->      <\/div>\n<p><!-- [et_pb_line_break_holder] -->      <\/p>\n<div class=\"productCardSeparator\"><!-- [et_pb_line_break_holder] -->        <\/p>\n<hr>\n<p><!-- [et_pb_line_break_holder] -->      <\/div>\n<p><!-- [et_pb_line_break_holder] -->      <\/p>\n<div class=\"productCardTextContainer\"><!-- [et_pb_line_break_holder] -->      <!\u2013- [et_pb_br_holder] -\u2013><strong><i>eboo box<\/i><\/strong> 4 To, 8 To et 20 To<!-- [et_pb_line_break_holder] -->        <!\u2013- [et_pb_br_holder] -\u2013>R\u00e9f\u00e9rences : EB4RS \/ EB8RS \/ EB20RS<!\u2013- [et_pb_br_holder] -\u2013><!-- [et_pb_line_break_holder] -->        <!\u2013- [et_pb_br_holder] -\u2013>4 camera licenses included<!-- [et_pb_line_break_holder] -->        <!\u2013- [et_pb_br_holder] -\u2013>Software update 1 year<!-- [et_pb_line_break_holder] -->        <!\u2013- [et_pb_br_holder] -\u2013>1 year workshop return warranty<!-- [et_pb_line_break_holder] -->        <!\u2013- [et_pb_br_holder] -\u2013><!-- [et_pb_line_break_holder] -->        <!\u2013- [et_pb_br_holder] -\u2013><!-- [et_pb_line_break_holder] -->      <\/div>\n<p><!-- [et_pb_line_break_holder] -->      <\/p>\n<div class=\"productCardButton\"><!-- [et_pb_line_break_holder] -->        <a class=\"et_pb_button et_pb_custom_button_icon seeMoreButton\" href=\"http:\/\/public.eboo.fr\/mkt\/eboo_box_RS.pdf\" target=\"_blank\" rel=\"noopener noreferrer\">More<\/a><!-- [et_pb_line_break_holder] -->      <\/div>\n<p><!-- [et_pb_line_break_holder] -->    <\/div>\n<p><!-- [et_pb_line_break_holder] --><\/div>\n<p>[\/et_pb_code][\/et_pb_column][et_pb_column type=\u00a0\u00bb1_3&Prime; _builder_version=\u00a0\u00bb3.25&Prime; custom_padding=\u00a0\u00bb|||\u00a0\u00bb global_colors_info=\u00a0\u00bb{}\u00a0\u00bb custom_padding__hover=\u00a0\u00bb|||\u00a0\u00bb][et_pb_code _builder_version=\u00a0\u00bb3.22.4&Prime; global_colors_info=\u00a0\u00bb{}\u00a0\u00bb]<\/p>\n<div class=\"ebooProductCard\"><!-- [et_pb_line_break_holder] -->    <\/p>\n<div class=\"productCardContentContainer\"><!-- [et_pb_line_break_holder] -->      <\/p>\n<div class=\"productCardTitle\"><!-- [et_pb_line_break_holder] -->        <\/p>\n<h2>Rack 1U\/2U<\/h2>\n<p><!-- [et_pb_line_break_holder] -->      <\/div>\n<p><!-- [et_pb_line_break_holder] -->      <\/p>\n<div class=\"productCardSeparator\"><!-- [et_pb_line_break_holder] -->        <\/p>\n<hr>\n<p><!-- [et_pb_line_break_holder] -->      <\/div>\n<p><!-- [et_pb_line_break_holder] -->      <\/p>\n<div class=\"productCardTextContainer\"><!-- [et_pb_line_break_holder] -->      <!\u2013- [et_pb_br_holder] -\u2013><strong><i>eboo box<\/i><\/strong> 16 To, 32 To et 64 To<!-- [et_pb_line_break_holder] -->        <!\u2013- [et_pb_br_holder] -\u2013>R\u00e9f\u00e9rences : EB16R1 \/ EB32R1 \/ EB64R2<!-- [et_pb_line_break_holder] -->        <!\u2013- [et_pb_br_holder] -\u2013>10, 20 or 30 camera licenses included<!-- [et_pb_line_break_holder] -->        <!\u2013- [et_pb_br_holder] -\u2013>Software update 3 years<!-- [et_pb_line_break_holder] -->        <!\u2013- [et_pb_br_holder] -\u2013>3-year warranty on workshop return<!-- [et_pb_line_break_holder] -->        <!\u2013- [et_pb_br_holder] -\u2013><!-- [et_pb_line_break_holder] -->        <!\u2013- [et_pb_br_holder] -\u2013><!-- [et_pb_line_break_holder] -->      <\/div>\n<p><!-- [et_pb_line_break_holder] -->      <\/p>\n<div class=\"productCardButton\"><!-- [et_pb_line_break_holder] -->        <a class=\"et_pb_button et_pb_custom_button_icon seeMoreButton\" href=\"http:\/\/public.eboo.fr\/mkt\/eboo_box_Rx.pdf\" target=\"_blank\" rel=\"noopener noreferrer\">More<\/a><!-- [et_pb_line_break_holder] -->      <\/div>\n<p><!-- [et_pb_line_break_holder] -->    <\/div>\n<p><!-- [et_pb_line_break_holder] --><\/div>\n<p>[\/et_pb_code][\/et_pb_column][\/et_pb_row][et_pb_row _builder_version=\u00a0\u00bb3.25&Prime; background_size=\u00a0\u00bbinitial\u00a0\u00bb background_position=\u00a0\u00bbtop_left\u00a0\u00bb background_repeat=\u00a0\u00bbrepeat\u00a0\u00bb global_colors_info=\u00a0\u00bb{}\u00a0\u00bb][et_pb_column type=\u00a0\u00bb4_4&Prime; _builder_version=\u00a0\u00bb3.25&Prime; custom_padding=\u00a0\u00bb|||\u00a0\u00bb global_colors_info=\u00a0\u00bb{}\u00a0\u00bb custom_padding__hover=\u00a0\u00bb|||\u00a0\u00bb][et_pb_code global_colors_info=\u00a0\u00bb{}\u00a0\u00bb]<script src=\"https:\/\/code.jquery.com\/jquery-3.3.1.min.js\" integrity=\"sha256-FgpCb\/KJQlLNfOu91ta32o\/NMZxltwRo8QtmkMRdAu8=\" crossorigin=\"anonymous\"><\/script><!-- [et_pb_line_break_holder] --><script type=\"text\/javascript\"><!-- [et_pb_line_break_holder] -->  function pxSizeAdjustment(){<!-- [et_pb_line_break_holder] -->  \/\/ Adjust containers px sizes<!-- [et_pb_line_break_holder] -->  var buttonHeight = $('.seeMoreButton').outerHeight();<!-- [et_pb_line_break_holder] -->  var containerHeight = $('.productCardContentContainer').outerHeight();<!-- [et_pb_line_break_holder] -->  var titleHeight = $('.productCardTitle').outerHeight();<!-- [et_pb_line_break_holder] -->  var separatorHeight = $('.productCardSeparator').outerHeight();<!-- [et_pb_line_break_holder] -->  $( \".productCardTextContainer\" ).css({<!-- [et_pb_line_break_holder] -->  height:containerHeight - buttonHeight - titleHeight - separatorHeight +\"px\",<!-- [et_pb_line_break_holder] -->  })<!-- [et_pb_line_break_holder] -->  $('.productCardButton').css({<!-- [et_pb_line_break_holder] -->  height:buttonHeight+\"px\",<!-- [et_pb_line_break_holder] -->  })<!-- [et_pb_line_break_holder] -->}<!-- [et_pb_line_break_holder] --><!-- [et_pb_line_break_holder] -->pxSizeAdjustment()<!-- [et_pb_line_break_holder] --><!-- [et_pb_line_break_holder] -->$( window ).resize(function(){<!-- [et_pb_line_break_holder] -->  pxSizeAdjustment()<!-- [et_pb_line_break_holder] -->})<!-- [et_pb_line_break_holder] --><\/script>[\/et_pb_code][\/et_pb_column][\/et_pb_row][\/et_pb_section]<\/p>","protected":false},"excerpt":{"rendered":"<p>eboo box &nbsp; eboo box est un serveur de vid\u00e9osurveillance \u00ab pr\u00eat \u00e0 enregistrer \u00bb, sur lequel eboo server ou eboo basic est d\u00e9j\u00e0 install\u00e9. Il ne vous reste plus qu\u2019\u00e0 configurer l\u2019eboo box sur votre r\u00e9seau. Nous disposons d\u2019une gamme compl\u00e8te en terme de stockage et performance.<\/p>","protected":false},"author":1,"featured_media":0,"parent":0,"menu_order":0,"comment_status":"closed","ping_status":"closed","template":"","meta":{"_et_pb_use_builder":"on","_et_pb_old_content":"","_et_gb_content_width":""},"yoast_head":"<!-- This site is optimized with the Yoast SEO plugin v17.1 - https:\/\/yoast.com\/wordpress\/plugins\/seo\/ -->\n<title>eboo box - eboo<\/title>\n<meta name=\"robots\" content=\"index, follow, max-snippet:-1, max-image-preview:large, max-video-preview:-1\" \/>\n<link rel=\"canonical\" href=\"https:\/\/www.eboo.fr\/en\/eboo-box\/\" \/>\n<meta property=\"og:locale\" content=\"en_GB\" \/>\n<meta property=\"og:type\" content=\"article\" \/>\n<meta property=\"og:title\" content=\"eboo box - eboo\" \/>\n<meta property=\"og:description\" content=\"eboo box &nbsp; eboo box est un serveur de vid\u00e9osurveillance \u00ab pr\u00eat \u00e0 enregistrer \u00bb, sur lequel eboo server ou eboo basic est d\u00e9j\u00e0 install\u00e9. Il ne vous reste plus qu\u2019\u00e0 configurer l\u2019eboo box sur votre r\u00e9seau. Nous disposons d\u2019une gamme compl\u00e8te en terme de stockage et performance.\" \/>\n<meta property=\"og:url\" content=\"https:\/\/www.eboo.fr\/en\/eboo-box\/\" \/>\n<meta property=\"og:site_name\" content=\"eboo\" \/>\n<meta property=\"article:modified_time\" content=\"2021-10-05T14:59:37+00:00\" \/>\n<meta name=\"twitter:card\" content=\"summary_large_image\" \/>\n<meta name=\"twitter:label1\" content=\"Estimated reading time\" \/>\n\t<meta name=\"twitter:data1\" content=\"3 minutes\" \/>\n<script type=\"application\/ld+json\" class=\"yoast-schema-graph\">{\"@context\":\"https:\/\/schema.org\",\"@graph\":[{\"@type\":\"Organization\",\"@id\":\"https:\/\/www.eboo.fr\/#organization\",\"name\":\"eboo solutions\",\"url\":\"https:\/\/www.eboo.fr\/\",\"sameAs\":[],\"logo\":{\"@type\":\"ImageObject\",\"@id\":\"https:\/\/www.eboo.fr\/#logo\",\"inLanguage\":\"en-GB\",\"url\":\"https:\/\/www.eboo.fr\/wp-content\/uploads\/eboo_logo_1080x1080.png\",\"contentUrl\":\"https:\/\/www.eboo.fr\/wp-content\/uploads\/eboo_logo_1080x1080.png\",\"width\":1080,\"height\":1080,\"caption\":\"eboo solutions\"},\"image\":{\"@id\":\"https:\/\/www.eboo.fr\/#logo\"}},{\"@type\":\"WebSite\",\"@id\":\"https:\/\/www.eboo.fr\/#website\",\"url\":\"https:\/\/www.eboo.fr\/\",\"name\":\"eboo solutions\",\"description\":\"la vid\\u00e9osurveillance simplement efficace !\",\"publisher\":{\"@id\":\"https:\/\/www.eboo.fr\/#organization\"},\"potentialAction\":[{\"@type\":\"SearchAction\",\"target\":{\"@type\":\"EntryPoint\",\"urlTemplate\":\"https:\/\/www.eboo.fr\/?s={search_term_string}\"},\"query-input\":\"required name=search_term_string\"}],\"inLanguage\":\"en-GB\"},{\"@type\":\"WebPage\",\"@id\":\"https:\/\/www.eboo.fr\/eboo-box\/#webpage\",\"url\":\"https:\/\/www.eboo.fr\/eboo-box\/\",\"name\":\"eboo box - eboo\",\"isPartOf\":{\"@id\":\"https:\/\/www.eboo.fr\/#website\"},\"datePublished\":\"2017-02-04T15:48:14+00:00\",\"dateModified\":\"2021-10-05T14:59:37+00:00\",\"breadcrumb\":{\"@id\":\"https:\/\/www.eboo.fr\/eboo-box\/#breadcrumb\"},\"inLanguage\":\"en-GB\",\"potentialAction\":[{\"@type\":\"ReadAction\",\"target\":[\"https:\/\/www.eboo.fr\/eboo-box\/\"]}]},{\"@type\":\"BreadcrumbList\",\"@id\":\"https:\/\/www.eboo.fr\/eboo-box\/#breadcrumb\",\"itemListElement\":[{\"@type\":\"ListItem\",\"position\":1,\"name\":\"Accueil\",\"item\":\"https:\/\/www.eboo.fr\/\"},{\"@type\":\"ListItem\",\"position\":2,\"name\":\"eboo box\"}]}]}<\/script>\n<!-- \/ Yoast SEO plugin. -->","yoast_head_json":{"title":"eboo box - eboo","robots":{"index":"index","follow":"follow","max-snippet":"max-snippet:-1","max-image-preview":"max-image-preview:large","max-video-preview":"max-video-preview:-1"},"canonical":"https:\/\/www.eboo.fr\/en\/eboo-box\/","og_locale":"en_GB","og_type":"article","og_title":"eboo box - eboo","og_description":"eboo box &nbsp; eboo box est un serveur de vid\u00e9osurveillance \u00ab pr\u00eat \u00e0 enregistrer \u00bb, sur lequel eboo server ou eboo basic est d\u00e9j\u00e0 install\u00e9. Il ne vous reste plus qu\u2019\u00e0 configurer l\u2019eboo box sur votre r\u00e9seau. Nous disposons d\u2019une gamme compl\u00e8te en terme de stockage et performance.","og_url":"https:\/\/www.eboo.fr\/en\/eboo-box\/","og_site_name":"eboo","article_modified_time":"2021-10-05T14:59:37+00:00","twitter_card":"summary_large_image","twitter_misc":{"Estimated reading time":"3 minutes"},"schema":{"@context":"https:\/\/schema.org","@graph":[{"@type":"Organization","@id":"https:\/\/www.eboo.fr\/#organization","name":"eboo solutions","url":"https:\/\/www.eboo.fr\/","sameAs":[],"logo":{"@type":"ImageObject","@id":"https:\/\/www.eboo.fr\/#logo","inLanguage":"en-GB","url":"https:\/\/www.eboo.fr\/wp-content\/uploads\/eboo_logo_1080x1080.png","contentUrl":"https:\/\/www.eboo.fr\/wp-content\/uploads\/eboo_logo_1080x1080.png","width":1080,"height":1080,"caption":"eboo solutions"},"image":{"@id":"https:\/\/www.eboo.fr\/#logo"}},{"@type":"WebSite","@id":"https:\/\/www.eboo.fr\/#website","url":"https:\/\/www.eboo.fr\/","name":"eboo solutions","description":"la vid\u00e9osurveillance simplement efficace !","publisher":{"@id":"https:\/\/www.eboo.fr\/#organization"},"potentialAction":[{"@type":"SearchAction","target":{"@type":"EntryPoint","urlTemplate":"https:\/\/www.eboo.fr\/?s={search_term_string}"},"query-input":"required name=search_term_string"}],"inLanguage":"en-GB"},{"@type":"WebPage","@id":"https:\/\/www.eboo.fr\/eboo-box\/#webpage","url":"https:\/\/www.eboo.fr\/eboo-box\/","name":"eboo box - eboo","isPartOf":{"@id":"https:\/\/www.eboo.fr\/#website"},"datePublished":"2017-02-04T15:48:14+00:00","dateModified":"2021-10-05T14:59:37+00:00","breadcrumb":{"@id":"https:\/\/www.eboo.fr\/eboo-box\/#breadcrumb"},"inLanguage":"en-GB","potentialAction":[{"@type":"ReadAction","target":["https:\/\/www.eboo.fr\/eboo-box\/"]}]},{"@type":"BreadcrumbList","@id":"https:\/\/www.eboo.fr\/eboo-box\/#breadcrumb","itemListElement":[{"@type":"ListItem","position":1,"name":"Accueil","item":"https:\/\/www.eboo.fr\/"},{"@type":"ListItem","position":2,"name":"eboo box"}]}]}},"_links":{"self":[{"href":"https:\/\/www.eboo.fr\/en\/wp-json\/wp\/v2\/pages\/117"}],"collection":[{"href":"https:\/\/www.eboo.fr\/en\/wp-json\/wp\/v2\/pages"}],"about":[{"href":"https:\/\/www.eboo.fr\/en\/wp-json\/wp\/v2\/types\/page"}],"author":[{"embeddable":true,"href":"https:\/\/www.eboo.fr\/en\/wp-json\/wp\/v2\/users\/1"}],"replies":[{"embeddable":true,"href":"https:\/\/www.eboo.fr\/en\/wp-json\/wp\/v2\/comments?post=117"}],"version-history":[{"count":46,"href":"https:\/\/www.eboo.fr\/en\/wp-json\/wp\/v2\/pages\/117\/revisions"}],"predecessor-version":[{"id":1598,"href":"https:\/\/www.eboo.fr\/en\/wp-json\/wp\/v2\/pages\/117\/revisions\/1598"}],"wp:attachment":[{"href":"https:\/\/www.eboo.fr\/en\/wp-json\/wp\/v2\/media?parent=117"}],"curies":[{"name":"wp","href":"https:\/\/api.w.org\/{rel}","templated":true}]}}