{"id":204,"date":"2017-02-06T13:38:04","date_gmt":"2017-02-06T12:38:04","guid":{"rendered":"http:\/\/www.eboo.fr\/?page_id=204"},"modified":"2020-05-18T09:12:36","modified_gmt":"2020-05-18T07:12:36","slug":"support","status":"publish","type":"page","link":"https:\/\/www.eboo.fr\/en\/support\/","title":{"rendered":"Support"},"content":{"rendered":"<p>[et_pb_section fb_built=\u00a0\u00bb1&Prime; admin_label=\u00a0\u00bbsection\u00a0\u00bb _builder_version=\u00a0\u00bb3.22.3&Prime;][et_pb_row parallax_method_1=\u00a0\u00bboff\u00a0\u00bb admin_label=\u00a0\u00bbrow\u00a0\u00bb _builder_version=\u00a0\u00bb3.22.3&Prime; background_color=\u00a0\u00bb#666699&Prime; background_size=\u00a0\u00bbinitial\u00a0\u00bb background_position=\u00a0\u00bbtop_left\u00a0\u00bb background_repeat=\u00a0\u00bbrepeat\u00a0\u00bb][et_pb_column type=\u00a0\u00bb4_4&Prime; _builder_version=\u00a0\u00bb3.0.47&Prime;][et_pb_text admin_label=\u00a0\u00bbTexte\u00a0\u00bb _builder_version=\u00a0\u00bb3.0.87&Prime; background_size=\u00a0\u00bbinitial\u00a0\u00bb background_position=\u00a0\u00bbtop_left\u00a0\u00bb background_repeat=\u00a0\u00bbrepeat\u00a0\u00bb text_orientation=\u00a0\u00bbcenter\u00a0\u00bb background_layout=\u00a0\u00bbdark\u00a0\u00bb module_alignment=\u00a0\u00bbcenter\u00a0\u00bb use_border_color=\u00a0\u00bboff\u00a0\u00bb border_color=\u00a0\u00bb#ffffff\u00a0\u00bb border_style=\u00a0\u00bbsolid\u00a0\u00bb]<\/p>\n<h1>Support<\/h1>\n<p>[\/et_pb_text][\/et_pb_column][\/et_pb_row][et_pb_row admin_label=\u00a0\u00bbLigne\u00a0\u00bb _builder_version=\u00a0\u00bb3.22.3&Prime; background_size=\u00a0\u00bbinitial\u00a0\u00bb background_position=\u00a0\u00bbtop_left\u00a0\u00bb background_repeat=\u00a0\u00bbrepeat\u00a0\u00bb][et_pb_column type=\u00a0\u00bb4_4&Prime; _builder_version=\u00a0\u00bb3.0.47&Prime;][et_pb_text admin_label=\u00a0\u00bbTexte\u00a0\u00bb _builder_version=\u00a0\u00bb3.19.9&Prime; background_size=\u00a0\u00bbinitial\u00a0\u00bb background_position=\u00a0\u00bbtop_left\u00a0\u00bb background_repeat=\u00a0\u00bbrepeat\u00a0\u00bb use_border_color=\u00a0\u00bboff\u00a0\u00bb border_color=\u00a0\u00bb#ffffff\u00a0\u00bb border_style=\u00a0\u00bbsolid\u00a0\u00bb]Obtenez l&rsquo;aide et les conseils professionnels d&rsquo;<em><strong>eboo solutions<\/strong><\/em>. D\u00e9couvrez\u00a0de plus amples informations au sujet de nos produits. Consultez des manuels\u00a0en ligne. Obtenez les tous\u00a0derniers t\u00e9l\u00e9chargements et bien plus encore.[\/et_pb_text][\/et_pb_column][\/et_pb_row][et_pb_row _builder_version=\u00a0\u00bb3.22.3&Prime;][et_pb_column type=\u00a0\u00bb1_2&Prime; _builder_version=\u00a0\u00bb3.19.9&Prime;][et_pb_code _builder_version=\u00a0\u00bb3.20.2&Prime; text_orientation=\u00a0\u00bbcenter\u00a0\u00bb link_option_url=\u00a0\u00bbhttps:\/\/www.eboo.fr\/supported-devices\/\u00a0\u00bb link_option_url_new_window=\u00a0\u00bbon\u00a0\u00bb]<\/p>\n<div style=\"font-size: 120px;color:#666699;\"><!-- [et_pb_line_break_holder] -->   <i class=\"fas fa-video\"><\/i><!-- [et_pb_line_break_holder] --><\/div>\n<p><!-- [et_pb_line_break_holder] --><!\u2013- [et_pb_br_holder] -\u2013><!-- [et_pb_line_break_holder] --><\/p>\n<h4>Devices<\/h4>\n<p>[\/et_pb_code][et_pb_text admin_label=\u00a0\u00bbclickable text\u00a0\u00bb _builder_version=\u00a0\u00bb3.22.4&Prime; text_font=\u00a0\u00bb||||||||\u00a0\u00bb border_radii=\u00a0\u00bbon|10px|10px|10px|10px\u00a0\u00bb box_shadow_style=\u00a0\u00bbpreset1&Prime; text_orientation=\u00a0\u00bbcenter\u00a0\u00bb max_width_tablet=\u00a0\u00bb80%\u00a0\u00bb max_width_last_edited=\u00a0\u00bboff|desktop\u00a0\u00bb module_alignment=\u00a0\u00bbcenter\u00a0\u00bb custom_margin=\u00a0\u00bb||||false\u00a0\u00bb custom_padding=\u00a0\u00bb24px||24px||true\u00a0\u00bb link_option_url=\u00a0\u00bbhttps:\/\/www.eboo.fr\/supported-devices\/\u00a0\u00bb link_option_url_new_window=\u00a0\u00bbon\u00a0\u00bb global_module=\u00a0\u00bb1399&Prime; saved_tabs=\u00a0\u00bball\u00a0\u00bb filter_opacity__hover_enabled=\u00a0\u00bbon\u00a0\u00bb filter_opacity__hover=\u00a0\u00bb75%\u00a0\u00bb max_width__hover=\u00a0\u00bb50%\u00a0\u00bb]<\/p>\n<p>\n  See the complete list of supported devices\n<\/p>\n<p>[\/et_pb_text][\/et_pb_column][et_pb_column type=\u00a0\u00bb1_2&Prime; _builder_version=\u00a0\u00bb3.19.9&Prime;][et_pb_code _builder_version=\u00a0\u00bb3.20.2&Prime; text_orientation=\u00a0\u00bbcenter\u00a0\u00bb link_option_url=\u00a0\u00bbhttp:\/\/manager.eboo.fr\/\u00a0\u00bb link_option_url_new_window=\u00a0\u00bbon\u00a0\u00bb]<\/p>\n<div style=\"font-size: 120px;color:#666699;\"><!-- [et_pb_line_break_holder] -->   <i class=\"fas fa-question\"><\/i><!-- [et_pb_line_break_holder] --><\/div>\n<p><!-- [et_pb_line_break_holder] --><!\u2013- [et_pb_br_holder] -\u2013><!-- [et_pb_line_break_holder] --><\/p>\n<h4>Documentation<\/h4>\n<p>[\/et_pb_code][et_pb_text admin_label=\u00a0\u00bbclickable text\u00a0\u00bb _builder_version=\u00a0\u00bb3.22.4&Prime; text_font=\u00a0\u00bb||||||||\u00a0\u00bb border_radii=\u00a0\u00bbon|10px|10px|10px|10px\u00a0\u00bb box_shadow_style=\u00a0\u00bbpreset1&Prime; text_orientation=\u00a0\u00bbcenter\u00a0\u00bb max_width_tablet=\u00a0\u00bb80%\u00a0\u00bb max_width_last_edited=\u00a0\u00bboff|desktop\u00a0\u00bb module_alignment=\u00a0\u00bbcenter\u00a0\u00bb custom_margin=\u00a0\u00bb||||false\u00a0\u00bb custom_padding=\u00a0\u00bb24px||24px||true\u00a0\u00bb link_option_url=\u00a0\u00bbhttp:\/\/manager.eboo.fr\/\u00a0\u00bb link_option_url_new_window=\u00a0\u00bbon\u00a0\u00bb global_module=\u00a0\u00bb1399&Prime; saved_tabs=\u00a0\u00bball\u00a0\u00bb filter_opacity__hover_enabled=\u00a0\u00bbon\u00a0\u00bb filter_opacity__hover=\u00a0\u00bb75%\u00a0\u00bb max_width__hover=\u00a0\u00bb50%\u00a0\u00bb]<\/p>\n<p>\n  Access the documents on your personal space\n<\/p>\n<p>[\/et_pb_text][\/et_pb_column][\/et_pb_row][et_pb_row disabled_on=\u00a0\u00bboff|off|off\u00a0\u00bb _builder_version=\u00a0\u00bb3.22.3&Prime;][et_pb_column type=\u00a0\u00bb1_5&Prime; _builder_version=\u00a0\u00bb3.19.13&Prime;][\/et_pb_column][et_pb_column type=\u00a0\u00bb3_5&Prime; _builder_version=\u00a0\u00bb3.19.13&Prime;][et_pb_code _builder_version=\u00a0\u00bb3.19.13&Prime; text_orientation=\u00a0\u00bbcenter\u00a0\u00bb]<\/p>\n<div style=\"font-size: 120px;color:#666699;\"><!-- [et_pb_line_break_holder] -->   <i class=\"fas fa-tools\"><\/i><!-- [et_pb_line_break_holder] --><\/div>\n<p><!-- [et_pb_line_break_holder] --><!\u2013- [et_pb_br_holder] -\u2013><!-- [et_pb_line_break_holder] --><\/p>\n<h4>Tools<\/h4>\n<p>[\/et_pb_code][et_pb_text admin_label=\u00a0\u00bbclickable text\u00a0\u00bb _builder_version=\u00a0\u00bb3.22.4&Prime; text_font=\u00a0\u00bb||||||||\u00a0\u00bb border_radii=\u00a0\u00bbon|10px|10px|10px|10px\u00a0\u00bb box_shadow_style=\u00a0\u00bbpreset1&Prime; text_orientation=\u00a0\u00bbcenter\u00a0\u00bb max_width_tablet=\u00a0\u00bb80%\u00a0\u00bb max_width_last_edited=\u00a0\u00bboff|desktop\u00a0\u00bb module_alignment=\u00a0\u00bbcenter\u00a0\u00bb custom_margin=\u00a0\u00bb||||false\u00a0\u00bb custom_padding=\u00a0\u00bb24px||24px||true\u00a0\u00bb link_option_url=\u00a0\u00bbhttps:\/\/webapps.eboo.fr\/eboo-projects\/\u00a0\u00bb link_option_url_new_window=\u00a0\u00bbon\u00a0\u00bb global_module=\u00a0\u00bb1399&Prime; saved_tabs=\u00a0\u00bball\u00a0\u00bb filter_opacity__hover_enabled=\u00a0\u00bbon\u00a0\u00bb filter_opacity__hover=\u00a0\u00bb75%\u00a0\u00bb max_width__hover=\u00a0\u00bb50%\u00a0\u00bb]<\/p>\n<h5>Calculator <strong><i>eboo box<\/i><\/strong><\/h5>\n<p>[\/et_pb_text][\/et_pb_column][et_pb_column type=\u00a0\u00bb1_5&Prime; _builder_version=\u00a0\u00bb3.19.13&Prime;][\/et_pb_column][\/et_pb_row][\/et_pb_section]<\/p>","protected":false},"excerpt":{"rendered":"<p>Support Obtenez l&rsquo;aide et les conseils professionnels d&rsquo;eboo solutions. D\u00e9couvrez\u00a0de plus amples informations au sujet de nos produits. Consultez des manuels\u00a0en ligne. Obtenez les tous\u00a0derniers t\u00e9l\u00e9chargements et bien plus encore. Voir la liste compl\u00e8te des p\u00e9riph\u00e9riques pris en charge Acc\u00e9dez aux docs sur votre espace personnel Calculateur eboo box<\/p>","protected":false},"author":1,"featured_media":0,"parent":0,"menu_order":0,"comment_status":"closed","ping_status":"closed","template":"","meta":{"_et_pb_use_builder":"on","_et_pb_old_content":"","_et_gb_content_width":""},"yoast_head":"<!-- This site is optimized with the Yoast SEO plugin v17.1 - https:\/\/yoast.com\/wordpress\/plugins\/seo\/ -->\n<title>Support - eboo<\/title>\n<meta name=\"robots\" content=\"index, follow, max-snippet:-1, max-image-preview:large, max-video-preview:-1\" \/>\n<link rel=\"canonical\" href=\"https:\/\/www.eboo.fr\/en\/support\/\" \/>\n<meta property=\"og:locale\" content=\"en_GB\" \/>\n<meta property=\"og:type\" content=\"article\" \/>\n<meta property=\"og:title\" content=\"Support - eboo\" \/>\n<meta property=\"og:description\" content=\"Support Obtenez l&#039;aide et les conseils professionnels d&#039;eboo solutions. D\u00e9couvrez\u00a0de plus amples informations au sujet de nos produits. Consultez des manuels\u00a0en ligne. Obtenez les tous\u00a0derniers t\u00e9l\u00e9chargements et bien plus encore. Voir la liste compl\u00e8te des p\u00e9riph\u00e9riques pris en charge Acc\u00e9dez aux docs sur votre espace personnel Calculateur eboo box\" \/>\n<meta property=\"og:url\" content=\"https:\/\/www.eboo.fr\/en\/support\/\" \/>\n<meta property=\"og:site_name\" content=\"eboo\" \/>\n<meta property=\"article:modified_time\" content=\"2020-05-18T07:12:36+00:00\" \/>\n<meta name=\"twitter:card\" content=\"summary_large_image\" \/>\n<meta name=\"twitter:label1\" content=\"Estimated reading time\" \/>\n\t<meta name=\"twitter:data1\" content=\"3 minutes\" \/>\n<script type=\"application\/ld+json\" class=\"yoast-schema-graph\">{\"@context\":\"https:\/\/schema.org\",\"@graph\":[{\"@type\":\"Organization\",\"@id\":\"https:\/\/www.eboo.fr\/#organization\",\"name\":\"eboo solutions\",\"url\":\"https:\/\/www.eboo.fr\/\",\"sameAs\":[],\"logo\":{\"@type\":\"ImageObject\",\"@id\":\"https:\/\/www.eboo.fr\/#logo\",\"inLanguage\":\"en-GB\",\"url\":\"https:\/\/www.eboo.fr\/wp-content\/uploads\/eboo_logo_1080x1080.png\",\"contentUrl\":\"https:\/\/www.eboo.fr\/wp-content\/uploads\/eboo_logo_1080x1080.png\",\"width\":1080,\"height\":1080,\"caption\":\"eboo solutions\"},\"image\":{\"@id\":\"https:\/\/www.eboo.fr\/#logo\"}},{\"@type\":\"WebSite\",\"@id\":\"https:\/\/www.eboo.fr\/#website\",\"url\":\"https:\/\/www.eboo.fr\/\",\"name\":\"eboo solutions\",\"description\":\"la vid\\u00e9osurveillance simplement efficace !\",\"publisher\":{\"@id\":\"https:\/\/www.eboo.fr\/#organization\"},\"potentialAction\":[{\"@type\":\"SearchAction\",\"target\":{\"@type\":\"EntryPoint\",\"urlTemplate\":\"https:\/\/www.eboo.fr\/?s={search_term_string}\"},\"query-input\":\"required name=search_term_string\"}],\"inLanguage\":\"en-GB\"},{\"@type\":\"WebPage\",\"@id\":\"https:\/\/www.eboo.fr\/support\/#webpage\",\"url\":\"https:\/\/www.eboo.fr\/support\/\",\"name\":\"Support - eboo\",\"isPartOf\":{\"@id\":\"https:\/\/www.eboo.fr\/#website\"},\"datePublished\":\"2017-02-06T12:38:04+00:00\",\"dateModified\":\"2020-05-18T07:12:36+00:00\",\"breadcrumb\":{\"@id\":\"https:\/\/www.eboo.fr\/support\/#breadcrumb\"},\"inLanguage\":\"en-GB\",\"potentialAction\":[{\"@type\":\"ReadAction\",\"target\":[\"https:\/\/www.eboo.fr\/support\/\"]}]},{\"@type\":\"BreadcrumbList\",\"@id\":\"https:\/\/www.eboo.fr\/support\/#breadcrumb\",\"itemListElement\":[{\"@type\":\"ListItem\",\"position\":1,\"name\":\"Accueil\",\"item\":\"https:\/\/www.eboo.fr\/\"},{\"@type\":\"ListItem\",\"position\":2,\"name\":\"Support\"}]}]}<\/script>\n<!-- \/ Yoast SEO plugin. -->","yoast_head_json":{"title":"Support - eboo","robots":{"index":"index","follow":"follow","max-snippet":"max-snippet:-1","max-image-preview":"max-image-preview:large","max-video-preview":"max-video-preview:-1"},"canonical":"https:\/\/www.eboo.fr\/en\/support\/","og_locale":"en_GB","og_type":"article","og_title":"Support - eboo","og_description":"Support Obtenez l'aide et les conseils professionnels d'eboo solutions. D\u00e9couvrez\u00a0de plus amples informations au sujet de nos produits. Consultez des manuels\u00a0en ligne. Obtenez les tous\u00a0derniers t\u00e9l\u00e9chargements et bien plus encore. Voir la liste compl\u00e8te des p\u00e9riph\u00e9riques pris en charge Acc\u00e9dez aux docs sur votre espace personnel Calculateur eboo box","og_url":"https:\/\/www.eboo.fr\/en\/support\/","og_site_name":"eboo","article_modified_time":"2020-05-18T07:12:36+00:00","twitter_card":"summary_large_image","twitter_misc":{"Estimated reading time":"3 minutes"},"schema":{"@context":"https:\/\/schema.org","@graph":[{"@type":"Organization","@id":"https:\/\/www.eboo.fr\/#organization","name":"eboo solutions","url":"https:\/\/www.eboo.fr\/","sameAs":[],"logo":{"@type":"ImageObject","@id":"https:\/\/www.eboo.fr\/#logo","inLanguage":"en-GB","url":"https:\/\/www.eboo.fr\/wp-content\/uploads\/eboo_logo_1080x1080.png","contentUrl":"https:\/\/www.eboo.fr\/wp-content\/uploads\/eboo_logo_1080x1080.png","width":1080,"height":1080,"caption":"eboo solutions"},"image":{"@id":"https:\/\/www.eboo.fr\/#logo"}},{"@type":"WebSite","@id":"https:\/\/www.eboo.fr\/#website","url":"https:\/\/www.eboo.fr\/","name":"eboo solutions","description":"la vid\u00e9osurveillance simplement efficace !","publisher":{"@id":"https:\/\/www.eboo.fr\/#organization"},"potentialAction":[{"@type":"SearchAction","target":{"@type":"EntryPoint","urlTemplate":"https:\/\/www.eboo.fr\/?s={search_term_string}"},"query-input":"required name=search_term_string"}],"inLanguage":"en-GB"},{"@type":"WebPage","@id":"https:\/\/www.eboo.fr\/support\/#webpage","url":"https:\/\/www.eboo.fr\/support\/","name":"Support - eboo","isPartOf":{"@id":"https:\/\/www.eboo.fr\/#website"},"datePublished":"2017-02-06T12:38:04+00:00","dateModified":"2020-05-18T07:12:36+00:00","breadcrumb":{"@id":"https:\/\/www.eboo.fr\/support\/#breadcrumb"},"inLanguage":"en-GB","potentialAction":[{"@type":"ReadAction","target":["https:\/\/www.eboo.fr\/support\/"]}]},{"@type":"BreadcrumbList","@id":"https:\/\/www.eboo.fr\/support\/#breadcrumb","itemListElement":[{"@type":"ListItem","position":1,"name":"Accueil","item":"https:\/\/www.eboo.fr\/"},{"@type":"ListItem","position":2,"name":"Support"}]}]}},"_links":{"self":[{"href":"https:\/\/www.eboo.fr\/en\/wp-json\/wp\/v2\/pages\/204"}],"collection":[{"href":"https:\/\/www.eboo.fr\/en\/wp-json\/wp\/v2\/pages"}],"about":[{"href":"https:\/\/www.eboo.fr\/en\/wp-json\/wp\/v2\/types\/page"}],"author":[{"embeddable":true,"href":"https:\/\/www.eboo.fr\/en\/wp-json\/wp\/v2\/users\/1"}],"replies":[{"embeddable":true,"href":"https:\/\/www.eboo.fr\/en\/wp-json\/wp\/v2\/comments?post=204"}],"version-history":[{"count":49,"href":"https:\/\/www.eboo.fr\/en\/wp-json\/wp\/v2\/pages\/204\/revisions"}],"predecessor-version":[{"id":1564,"href":"https:\/\/www.eboo.fr\/en\/wp-json\/wp\/v2\/pages\/204\/revisions\/1564"}],"wp:attachment":[{"href":"https:\/\/www.eboo.fr\/en\/wp-json\/wp\/v2\/media?parent=204"}],"curies":[{"name":"wp","href":"https:\/\/api.w.org\/{rel}","templated":true}]}}