{"id":845,"date":"2018-07-18T14:23:38","date_gmt":"2018-07-18T12:23:38","guid":{"rendered":"http:\/\/www.eboo.fr\/?page_id=845"},"modified":"2019-04-08T14:05:21","modified_gmt":"2019-04-08T12:05:21","slug":"eboo-vision","status":"publish","type":"page","link":"https:\/\/www.eboo.fr\/en\/eboo-vision\/","title":{"rendered":"eboo vision"},"content":{"rendered":"<p>[et_pb_section fb_built=\u00a0\u00bb1&Prime; fullwidth=\u00a0\u00bbon\u00a0\u00bb _builder_version=\u00a0\u00bb3.0.47&Prime;][et_pb_fullwidth_header title=\u00a0\u00bbeboo vision\u00a0\u00bb subhead=\u00a0\u00bb<\/p>\n<h4>la recherche d&rsquo;\u00e9v\u00e9nement en 2 clics !<\/h4>\n<p>\u00a0\u00bb header_fullscreen=\u00a0\u00bbon\u00a0\u00bb header_scroll_down=\u00a0\u00bbon\u00a0\u00bb scroll_down_icon=\u00a0\u00bb%%1%%\u00a0\u00bb button_one_text=\u00a0\u00bbD\u00e9couvrir\u00a0\u00bb button_one_url=\u00a0\u00bb#product_description\u00a0\u00bb button_two_text=\u00a0\u00bbCaract\u00e9ristiques\u00a0\u00bb button_two_url=\u00a0\u00bb#specs\u00a0\u00bb admin_label=\u00a0\u00bbHeader &#8211; eboo vision\u00a0\u00bb _builder_version=\u00a0\u00bb3.19.9&Prime; title_font=\u00a0\u00bb|700|||||||\u00a0\u00bb background_image=\u00a0\u00bbhttps:\/\/www.eboo.fr\/wp-content\/uploads\/eboo_vision_header.jpg\u00a0\u00bb parallax=\u00a0\u00bbon\u00a0\u00bb parallax_method=\u00a0\u00bbon\u00a0\u00bb custom_button_two=\u00a0\u00bbon\u00a0\u00bb button_two_use_icon=\u00a0\u00bboff\u00a0\u00bb custom_button_one=\u00a0\u00bbon\u00a0\u00bb button_one_use_icon=\u00a0\u00bboff\u00a0\u00bb custom_css_button_2=\u00a0\u00bbdisplay:none\u00a0\u00bb global_module=\u00a0\u00bb812&Prime; saved_tabs=\u00a0\u00bball\u00a0\u00bb button_one_text_size__hover_enabled=\u00a0\u00bboff\u00a0\u00bb button_two_text_size__hover_enabled=\u00a0\u00bboff\u00a0\u00bb button_one_text_color__hover_enabled=\u00a0\u00bboff\u00a0\u00bb button_two_text_color__hover_enabled=\u00a0\u00bboff\u00a0\u00bb button_one_border_width__hover_enabled=\u00a0\u00bboff\u00a0\u00bb button_two_border_width__hover_enabled=\u00a0\u00bboff\u00a0\u00bb button_one_border_color__hover_enabled=\u00a0\u00bboff\u00a0\u00bb button_two_border_color__hover_enabled=\u00a0\u00bboff\u00a0\u00bb button_one_border_radius__hover_enabled=\u00a0\u00bboff\u00a0\u00bb button_two_border_radius__hover_enabled=\u00a0\u00bboff\u00a0\u00bb button_one_letter_spacing__hover_enabled=\u00a0\u00bboff\u00a0\u00bb button_two_letter_spacing__hover_enabled=\u00a0\u00bboff\u00a0\u00bb button_one_bg_color__hover_enabled=\u00a0\u00bboff\u00a0\u00bb button_two_bg_color__hover_enabled=\u00a0\u00bboff\u00a0\u00bb][\/et_pb_fullwidth_header][\/et_pb_section][et_pb_section fb_built=\u00a0\u00bb1&Prime; module_id=\u00a0\u00bbproduct_description\u00a0\u00bb _builder_version=\u00a0\u00bb3.4.1&Prime; custom_padding=\u00a0\u00bb54px|0px|0|0px|false|false\u00a0\u00bb][et_pb_row _builder_version=\u00a0\u00bb3.0.48&Prime; background_size=\u00a0\u00bbinitial\u00a0\u00bb background_position=\u00a0\u00bbtop_left\u00a0\u00bb background_repeat=\u00a0\u00bbrepeat\u00a0\u00bb][et_pb_column type=\u00a0\u00bb4_4&Prime; _builder_version=\u00a0\u00bb3.0.47&Prime;][et_pb_text admin_label=\u00a0\u00bbPr\u00e9sentation &#8211; eboo vision\u00a0\u00bb _builder_version=\u00a0\u00bb3.20.2&Prime; custom_css_main_element=\u00a0\u00bbtext-align:justify;\u00a0\u00bb global_module=\u00a0\u00bb432&Prime; saved_tabs=\u00a0\u00bball\u00a0\u00bb]<\/p>\n<h1><strong>eboo vision<\/strong><\/h1>\n<p>The event search in 2 clicks!<br \/>\n<i><strong>eboo vision<\/strong><\/i> is the powerful visualization client for Windows.<br \/>\n<i><strong>eboo vision<\/strong><\/i> connects to an unlimited number of servers (<i><strong>eboo box<\/strong><\/i>, <i><strong>eboo server<\/strong><\/i>, <i><strong>eboo basic<\/strong><\/i>, <i><strong>eboo SaaS<\/strong><\/i>, <i><strong>eboo cloud<\/strong><\/i>) and it allows you to display your cameras on an unlimited number of screens.<br \/>\n<i><strong>eboo vision<\/strong><\/i> allows you to easily manage image walls or remote screens. It allows the visualization in real time of a hundred cameras per screen and this for an unlimited number of monitors.<br \/>\n<i><strong>eboo vision<\/strong><\/i> is free!<br \/>\nVous pouvez le d\u00e9ployer sur autant de postes que vous le souhaitez.[\/et_pb_text][et_pb_video src=\u00a0\u00bbhttps:\/\/youtu.be\/SsWk6E7RmgI\u00a0\u00bb _builder_version=\u00a0\u00bb3.4.1&Prime;][\/et_pb_video][\/et_pb_column][\/et_pb_row][et_pb_row _builder_version=\u00a0\u00bb3.19.5&Prime; background_size=\u00a0\u00bbinitial\u00a0\u00bb background_position=\u00a0\u00bbtop_left\u00a0\u00bb background_repeat=\u00a0\u00bbrepeat\u00a0\u00bb module_alignment=\u00a0\u00bbcenter\u00a0\u00bb][et_pb_column type=\u00a0\u00bb1_3&Prime; _builder_version=\u00a0\u00bb3.0.47&Prime;][\/et_pb_column][et_pb_column type=\u00a0\u00bb1_3&Prime; _builder_version=\u00a0\u00bb3.0.47&Prime;][et_pb_code module_class=\u00a0\u00bbos_icon\u00a0\u00bb _builder_version=\u00a0\u00bb3.20.2&Prime;]<img loading=\"lazy\" class=\"aligncenter size-full wp-image-861\" src=\"https:\/\/www.eboo.fr\/wp-content\/uploads\/windows_icon.png\" alt=\"\" width=\"448\" height=\"512\" \/><!-- [et_pb_line_break_holder] --><\/p>\n<h4 style=\"text-align: center;font-size:30px\">Windows<\/h4>\n<p><!-- [et_pb_line_break_holder] --><pee style=\"text-align: center;\">version 5.3.x<\/pee>[\/et_pb_code][\/et_pb_column][et_pb_column type=\u00a0\u00bb1_3&Prime; _builder_version=\u00a0\u00bb3.0.47&Prime;][\/et_pb_column][\/et_pb_row][\/et_pb_section][et_pb_section fb_built=\u00a0\u00bb1&Prime; fullwidth=\u00a0\u00bbon\u00a0\u00bb _builder_version=\u00a0\u00bb3.19.5&Prime; custom_padding=\u00a0\u00bb0|0px|0px|0px|false|false\u00a0\u00bb][et_pb_fullwidth_code _builder_version=\u00a0\u00bb3.19.5&Prime;]<div class=\"vue__component\"><morph-form config_arg='{\"accentColor\":\"#666699\",\"actionUrl\":\"https:\/\/webapps.eboo.fr\/eboo-vision-demo\/send\",\"method\":\"GET\",\"button\":{\"msg\":\"T\u00e9l\u00e9charger\"},\"info\":\"entrez votre adresse email et recevez votre lien de t\u00e9l\u00e9chargement <strong><i>eboo vision<\/i><\/strong> !\",\"fields\":[{\"required\":true,\"label\":{\"content\":\"\"},\"input\":{\"attributes\":{\"name\":\"email\",\"type\":\"text\",\"placeholder\":\"email\"}}}],\"submit\":{\"msg\":\"Envoyer\"},\"formOpen\":false}'><\/morph-form><\/div>[\/et_pb_fullwidth_code][\/et_pb_section]<\/p>","protected":false},"excerpt":{"rendered":"<p>eboo vision La recherche d&rsquo;\u00e9v\u00e9nement en 2 clics ! eboo vision est le client de visualisation performant sous Windows. eboo vision se connecte \u00e0 un nombre illimit\u00e9 de serveurs (eboo box, eboo server, eboo basic, eboo SaaS, eboo cloud) et il permet d\u2019afficher vos cam\u00e9ras sur un nombre illimit\u00e9 d\u2019\u00e9cran. eboo vision permet de g\u00e9rer [&hellip;]<\/p>","protected":false},"author":2,"featured_media":0,"parent":0,"menu_order":0,"comment_status":"closed","ping_status":"closed","template":"","meta":{"_et_pb_use_builder":"on","_et_pb_old_content":"","_et_gb_content_width":""},"yoast_head":"<!-- This site is optimized with the Yoast SEO plugin v17.1 - https:\/\/yoast.com\/wordpress\/plugins\/seo\/ -->\n<title>eboo vision - eboo<\/title>\n<meta name=\"robots\" content=\"index, follow, max-snippet:-1, max-image-preview:large, max-video-preview:-1\" \/>\n<link rel=\"canonical\" href=\"https:\/\/www.eboo.fr\/en\/eboo-vision\/\" \/>\n<meta property=\"og:locale\" content=\"en_GB\" \/>\n<meta property=\"og:type\" content=\"article\" \/>\n<meta property=\"og:title\" content=\"eboo vision - eboo\" \/>\n<meta property=\"og:description\" content=\"eboo vision La recherche d&#039;\u00e9v\u00e9nement en 2 clics ! eboo vision est le client de visualisation performant sous Windows. eboo vision se connecte \u00e0 un nombre illimit\u00e9 de serveurs (eboo box, eboo server, eboo basic, eboo SaaS, eboo cloud) et il permet d\u2019afficher vos cam\u00e9ras sur un nombre illimit\u00e9 d\u2019\u00e9cran. eboo vision permet de g\u00e9rer [&hellip;]\" \/>\n<meta property=\"og:url\" content=\"https:\/\/www.eboo.fr\/en\/eboo-vision\/\" \/>\n<meta property=\"og:site_name\" content=\"eboo\" \/>\n<meta property=\"article:modified_time\" content=\"2019-04-08T12:05:21+00:00\" \/>\n<meta property=\"og:image\" content=\"https:\/\/www.eboo.fr\/wp-content\/uploads\/windows_icon.png\" \/>\n<meta name=\"twitter:card\" content=\"summary_large_image\" \/>\n<meta name=\"twitter:label1\" content=\"Estimated reading time\" \/>\n\t<meta name=\"twitter:data1\" content=\"3 minutes\" \/>\n<script type=\"application\/ld+json\" class=\"yoast-schema-graph\">{\"@context\":\"https:\/\/schema.org\",\"@graph\":[{\"@type\":\"Organization\",\"@id\":\"https:\/\/www.eboo.fr\/#organization\",\"name\":\"eboo solutions\",\"url\":\"https:\/\/www.eboo.fr\/\",\"sameAs\":[],\"logo\":{\"@type\":\"ImageObject\",\"@id\":\"https:\/\/www.eboo.fr\/#logo\",\"inLanguage\":\"en-GB\",\"url\":\"https:\/\/www.eboo.fr\/wp-content\/uploads\/eboo_logo_1080x1080.png\",\"contentUrl\":\"https:\/\/www.eboo.fr\/wp-content\/uploads\/eboo_logo_1080x1080.png\",\"width\":1080,\"height\":1080,\"caption\":\"eboo solutions\"},\"image\":{\"@id\":\"https:\/\/www.eboo.fr\/#logo\"}},{\"@type\":\"WebSite\",\"@id\":\"https:\/\/www.eboo.fr\/#website\",\"url\":\"https:\/\/www.eboo.fr\/\",\"name\":\"eboo solutions\",\"description\":\"la vid\\u00e9osurveillance simplement efficace !\",\"publisher\":{\"@id\":\"https:\/\/www.eboo.fr\/#organization\"},\"potentialAction\":[{\"@type\":\"SearchAction\",\"target\":{\"@type\":\"EntryPoint\",\"urlTemplate\":\"https:\/\/www.eboo.fr\/?s={search_term_string}\"},\"query-input\":\"required name=search_term_string\"}],\"inLanguage\":\"en-GB\"},{\"@type\":\"ImageObject\",\"@id\":\"https:\/\/www.eboo.fr\/eboo-vision\/#primaryimage\",\"inLanguage\":\"en-GB\",\"url\":\"https:\/\/www.eboo.fr\/wp-content\/uploads\/windows_icon.png\",\"contentUrl\":\"https:\/\/www.eboo.fr\/wp-content\/uploads\/windows_icon.png\",\"width\":640,\"height\":640},{\"@type\":\"WebPage\",\"@id\":\"https:\/\/www.eboo.fr\/eboo-vision\/#webpage\",\"url\":\"https:\/\/www.eboo.fr\/eboo-vision\/\",\"name\":\"eboo vision - eboo\",\"isPartOf\":{\"@id\":\"https:\/\/www.eboo.fr\/#website\"},\"primaryImageOfPage\":{\"@id\":\"https:\/\/www.eboo.fr\/eboo-vision\/#primaryimage\"},\"datePublished\":\"2018-07-18T12:23:38+00:00\",\"dateModified\":\"2019-04-08T12:05:21+00:00\",\"breadcrumb\":{\"@id\":\"https:\/\/www.eboo.fr\/eboo-vision\/#breadcrumb\"},\"inLanguage\":\"en-GB\",\"potentialAction\":[{\"@type\":\"ReadAction\",\"target\":[\"https:\/\/www.eboo.fr\/eboo-vision\/\"]}]},{\"@type\":\"BreadcrumbList\",\"@id\":\"https:\/\/www.eboo.fr\/eboo-vision\/#breadcrumb\",\"itemListElement\":[{\"@type\":\"ListItem\",\"position\":1,\"name\":\"Accueil\",\"item\":\"https:\/\/www.eboo.fr\/\"},{\"@type\":\"ListItem\",\"position\":2,\"name\":\"eboo vision\"}]}]}<\/script>\n<!-- \/ Yoast SEO plugin. -->","yoast_head_json":{"title":"eboo vision - eboo","robots":{"index":"index","follow":"follow","max-snippet":"max-snippet:-1","max-image-preview":"max-image-preview:large","max-video-preview":"max-video-preview:-1"},"canonical":"https:\/\/www.eboo.fr\/en\/eboo-vision\/","og_locale":"en_GB","og_type":"article","og_title":"eboo vision - eboo","og_description":"eboo vision La recherche d'\u00e9v\u00e9nement en 2 clics ! eboo vision est le client de visualisation performant sous Windows. eboo vision se connecte \u00e0 un nombre illimit\u00e9 de serveurs (eboo box, eboo server, eboo basic, eboo SaaS, eboo cloud) et il permet d\u2019afficher vos cam\u00e9ras sur un nombre illimit\u00e9 d\u2019\u00e9cran. eboo vision permet de g\u00e9rer [&hellip;]","og_url":"https:\/\/www.eboo.fr\/en\/eboo-vision\/","og_site_name":"eboo","article_modified_time":"2019-04-08T12:05:21+00:00","og_image":[{"url":"https:\/\/www.eboo.fr\/wp-content\/uploads\/windows_icon.png"}],"twitter_card":"summary_large_image","twitter_misc":{"Estimated reading time":"3 minutes"},"schema":{"@context":"https:\/\/schema.org","@graph":[{"@type":"Organization","@id":"https:\/\/www.eboo.fr\/#organization","name":"eboo solutions","url":"https:\/\/www.eboo.fr\/","sameAs":[],"logo":{"@type":"ImageObject","@id":"https:\/\/www.eboo.fr\/#logo","inLanguage":"en-GB","url":"https:\/\/www.eboo.fr\/wp-content\/uploads\/eboo_logo_1080x1080.png","contentUrl":"https:\/\/www.eboo.fr\/wp-content\/uploads\/eboo_logo_1080x1080.png","width":1080,"height":1080,"caption":"eboo solutions"},"image":{"@id":"https:\/\/www.eboo.fr\/#logo"}},{"@type":"WebSite","@id":"https:\/\/www.eboo.fr\/#website","url":"https:\/\/www.eboo.fr\/","name":"eboo solutions","description":"la vid\u00e9osurveillance simplement efficace !","publisher":{"@id":"https:\/\/www.eboo.fr\/#organization"},"potentialAction":[{"@type":"SearchAction","target":{"@type":"EntryPoint","urlTemplate":"https:\/\/www.eboo.fr\/?s={search_term_string}"},"query-input":"required name=search_term_string"}],"inLanguage":"en-GB"},{"@type":"ImageObject","@id":"https:\/\/www.eboo.fr\/eboo-vision\/#primaryimage","inLanguage":"en-GB","url":"https:\/\/www.eboo.fr\/wp-content\/uploads\/windows_icon.png","contentUrl":"https:\/\/www.eboo.fr\/wp-content\/uploads\/windows_icon.png","width":640,"height":640},{"@type":"WebPage","@id":"https:\/\/www.eboo.fr\/eboo-vision\/#webpage","url":"https:\/\/www.eboo.fr\/eboo-vision\/","name":"eboo vision - eboo","isPartOf":{"@id":"https:\/\/www.eboo.fr\/#website"},"primaryImageOfPage":{"@id":"https:\/\/www.eboo.fr\/eboo-vision\/#primaryimage"},"datePublished":"2018-07-18T12:23:38+00:00","dateModified":"2019-04-08T12:05:21+00:00","breadcrumb":{"@id":"https:\/\/www.eboo.fr\/eboo-vision\/#breadcrumb"},"inLanguage":"en-GB","potentialAction":[{"@type":"ReadAction","target":["https:\/\/www.eboo.fr\/eboo-vision\/"]}]},{"@type":"BreadcrumbList","@id":"https:\/\/www.eboo.fr\/eboo-vision\/#breadcrumb","itemListElement":[{"@type":"ListItem","position":1,"name":"Accueil","item":"https:\/\/www.eboo.fr\/"},{"@type":"ListItem","position":2,"name":"eboo vision"}]}]}},"_links":{"self":[{"href":"https:\/\/www.eboo.fr\/en\/wp-json\/wp\/v2\/pages\/845"}],"collection":[{"href":"https:\/\/www.eboo.fr\/en\/wp-json\/wp\/v2\/pages"}],"about":[{"href":"https:\/\/www.eboo.fr\/en\/wp-json\/wp\/v2\/types\/page"}],"author":[{"embeddable":true,"href":"https:\/\/www.eboo.fr\/en\/wp-json\/wp\/v2\/users\/2"}],"replies":[{"embeddable":true,"href":"https:\/\/www.eboo.fr\/en\/wp-json\/wp\/v2\/comments?post=845"}],"version-history":[{"count":37,"href":"https:\/\/www.eboo.fr\/en\/wp-json\/wp\/v2\/pages\/845\/revisions"}],"predecessor-version":[{"id":1603,"href":"https:\/\/www.eboo.fr\/en\/wp-json\/wp\/v2\/pages\/845\/revisions\/1603"}],"wp:attachment":[{"href":"https:\/\/www.eboo.fr\/en\/wp-json\/wp\/v2\/media?parent=845"}],"curies":[{"name":"wp","href":"https:\/\/api.w.org\/{rel}","templated":true}]}}