{"id":956,"date":"2018-07-22T18:35:45","date_gmt":"2018-07-22T16:35:45","guid":{"rendered":"http:\/\/www.eboo.fr\/?page_id=956"},"modified":"2019-01-27T16:24:36","modified_gmt":"2019-01-27T15:24:36","slug":"eboo-cloud","status":"publish","type":"page","link":"https:\/\/www.eboo.fr\/en\/eboo-cloud\/","title":{"rendered":"eboo cloud"},"content":{"rendered":"<p>[et_pb_section fb_built=\u00a0\u00bb1&Prime; fullwidth=\u00a0\u00bbon\u00a0\u00bb _builder_version=\u00a0\u00bb3.0.47&Prime;][et_pb_fullwidth_header title=\u00a0\u00bbeboo cloud\u00a0\u00bb subhead=\u00a0\u00bb<\/p>\n<h4>Simple and efficient cloud video surveillance<\/h4>\n<p>\u00a0\u00bb header_fullscreen=\u00a0\u00bbon\u00a0\u00bb header_scroll_down=\u00a0\u00bbon\u00a0\u00bb scroll_down_icon=\u00a0\u00bb%%1%%\u00a0\u00bb button_one_text=\u00a0\u00bbD\u00e9couvrir\u00a0\u00bb button_one_url=\u00a0\u00bb#product_description\u00a0\u00bb button_two_text=\u00a0\u00bbCaract\u00e9ristiques\u00a0\u00bb button_two_url=\u00a0\u00bb#specs\u00a0\u00bb admin_label=\u00a0\u00bbHeader &#8211; eboo cloud\u00a0\u00bb _builder_version=\u00a0\u00bb3.19.5&Prime; title_font=\u00a0\u00bb|700|||||||\u00a0\u00bb parallax=\u00a0\u00bbon\u00a0\u00bb parallax_method=\u00a0\u00bbon\u00a0\u00bb custom_button_two=\u00a0\u00bbon\u00a0\u00bb button_two_use_icon=\u00a0\u00bboff\u00a0\u00bb custom_button_one=\u00a0\u00bbon\u00a0\u00bb button_one_use_icon=\u00a0\u00bboff\u00a0\u00bb global_module=\u00a0\u00bb812&Prime; saved_tabs=\u00a0\u00bball\u00a0\u00bb button_one_text_size__hover_enabled=\u00a0\u00bboff\u00a0\u00bb button_two_text_size__hover_enabled=\u00a0\u00bboff\u00a0\u00bb button_one_text_color__hover_enabled=\u00a0\u00bboff\u00a0\u00bb button_two_text_color__hover_enabled=\u00a0\u00bboff\u00a0\u00bb button_one_border_width__hover_enabled=\u00a0\u00bboff\u00a0\u00bb button_two_border_width__hover_enabled=\u00a0\u00bboff\u00a0\u00bb button_one_border_color__hover_enabled=\u00a0\u00bboff\u00a0\u00bb button_two_border_color__hover_enabled=\u00a0\u00bboff\u00a0\u00bb button_one_border_radius__hover_enabled=\u00a0\u00bboff\u00a0\u00bb button_two_border_radius__hover_enabled=\u00a0\u00bboff\u00a0\u00bb button_one_letter_spacing__hover_enabled=\u00a0\u00bboff\u00a0\u00bb button_two_letter_spacing__hover_enabled=\u00a0\u00bboff\u00a0\u00bb button_one_bg_color__hover_enabled=\u00a0\u00bboff\u00a0\u00bb button_two_bg_color__hover_enabled=\u00a0\u00bboff\u00a0\u00bb custom_css_button_2=\u00a0\u00bbdisplay:none\u00a0\u00bb][\/et_pb_fullwidth_header][\/et_pb_section][et_pb_section fb_built=\u00a0\u00bb1&Prime; module_id=\u00a0\u00bbproduct_description\u00a0\u00bb _builder_version=\u00a0\u00bb3.19.5&Prime;][et_pb_row _builder_version=\u00a0\u00bb3.0.48&Prime; background_size=\u00a0\u00bbinitial\u00a0\u00bb background_position=\u00a0\u00bbtop_left\u00a0\u00bb background_repeat=\u00a0\u00bbrepeat\u00a0\u00bb][et_pb_column type=\u00a0\u00bb4_4&Prime; _builder_version=\u00a0\u00bb3.0.47&Prime; parallax=\u00a0\u00bboff\u00a0\u00bb parallax_method=\u00a0\u00bbon\u00a0\u00bb][et_pb_text admin_label=\u00a0\u00bbPr\u00e9sentation &#8211; cloud\u00a0\u00bb _builder_version=\u00a0\u00bb3.4.1&Prime; custom_css_main_element=\u00a0\u00bbtext-align:justify;\u00a0\u00bb global_module=\u00a0\u00bb432&Prime; saved_tabs=\u00a0\u00bball\u00a0\u00bb]<\/p>\n<h1><strong>eboo cloud<\/strong><\/h1>\n<div class=\"\"><span class=\"\">Secure your premises in an even easier way with video surveillance in the cloud. This solution is ideal for smaller business looking for a trouble-free, efficient solution, or companies with multiple sites, such as chains of convenience stores.<\/span><\/div>\n<div>\u00a0<\/div>\n<div class=\"\"><span class=\"\"><strong><em>eboo cloud<\/em><\/strong> is a subscription-based video surveillance service, reducing your initial investment while ensuring that you always have the latest version.<\/span><\/div>\n<p>[\/et_pb_text][\/et_pb_column][\/et_pb_row][\/et_pb_section]<\/p>","protected":false},"excerpt":{"rendered":"<p>eboo cloudS\u00e9curisez encore plus facilement vos locaux avec la vid\u00e9osurveillance sur le Cloud. Cette solution efficace est parfaite pour les petites entreprises ou les groupes disposant de plusieurs sites, tels que les cha\u00eenes de distribution.\u00a0eboo cloud est un service de surveillance bas\u00e9 sur un abonnement, vous r\u00e9duisez ainsi votre investissement initial tout en \u00e9tant assur\u00e9 [&hellip;]<\/p>","protected":false},"author":2,"featured_media":0,"parent":0,"menu_order":0,"comment_status":"closed","ping_status":"closed","template":"","meta":{"_et_pb_use_builder":"on","_et_pb_old_content":"","_et_gb_content_width":""},"yoast_head":"<!-- This site is optimized with the Yoast SEO plugin v17.1 - https:\/\/yoast.com\/wordpress\/plugins\/seo\/ -->\n<title>eboo cloud - eboo<\/title>\n<meta name=\"robots\" content=\"index, follow, max-snippet:-1, max-image-preview:large, max-video-preview:-1\" \/>\n<link rel=\"canonical\" href=\"https:\/\/www.eboo.fr\/en\/eboo-cloud\/\" \/>\n<meta property=\"og:locale\" content=\"en_GB\" \/>\n<meta property=\"og:type\" content=\"article\" \/>\n<meta property=\"og:title\" content=\"eboo cloud - eboo\" \/>\n<meta property=\"og:description\" content=\"eboo cloudS\u00e9curisez encore plus facilement vos locaux avec la vid\u00e9osurveillance sur le Cloud. Cette solution efficace est parfaite pour les petites entreprises ou les groupes disposant de plusieurs sites, tels que les cha\u00eenes de distribution.\u00a0eboo cloud est un service de surveillance bas\u00e9 sur un abonnement, vous r\u00e9duisez ainsi votre investissement initial tout en \u00e9tant assur\u00e9 [&hellip;]\" \/>\n<meta property=\"og:url\" content=\"https:\/\/www.eboo.fr\/en\/eboo-cloud\/\" \/>\n<meta property=\"og:site_name\" content=\"eboo\" \/>\n<meta property=\"article:modified_time\" content=\"2019-01-27T15:24:36+00:00\" \/>\n<meta name=\"twitter:card\" content=\"summary_large_image\" \/>\n<meta name=\"twitter:label1\" content=\"Estimated reading time\" \/>\n\t<meta name=\"twitter:data1\" content=\"2 minutes\" \/>\n<script type=\"application\/ld+json\" class=\"yoast-schema-graph\">{\"@context\":\"https:\/\/schema.org\",\"@graph\":[{\"@type\":\"Organization\",\"@id\":\"https:\/\/www.eboo.fr\/#organization\",\"name\":\"eboo solutions\",\"url\":\"https:\/\/www.eboo.fr\/\",\"sameAs\":[],\"logo\":{\"@type\":\"ImageObject\",\"@id\":\"https:\/\/www.eboo.fr\/#logo\",\"inLanguage\":\"en-GB\",\"url\":\"https:\/\/www.eboo.fr\/wp-content\/uploads\/eboo_logo_1080x1080.png\",\"contentUrl\":\"https:\/\/www.eboo.fr\/wp-content\/uploads\/eboo_logo_1080x1080.png\",\"width\":1080,\"height\":1080,\"caption\":\"eboo solutions\"},\"image\":{\"@id\":\"https:\/\/www.eboo.fr\/#logo\"}},{\"@type\":\"WebSite\",\"@id\":\"https:\/\/www.eboo.fr\/#website\",\"url\":\"https:\/\/www.eboo.fr\/\",\"name\":\"eboo solutions\",\"description\":\"la vid\\u00e9osurveillance simplement efficace !\",\"publisher\":{\"@id\":\"https:\/\/www.eboo.fr\/#organization\"},\"potentialAction\":[{\"@type\":\"SearchAction\",\"target\":{\"@type\":\"EntryPoint\",\"urlTemplate\":\"https:\/\/www.eboo.fr\/?s={search_term_string}\"},\"query-input\":\"required name=search_term_string\"}],\"inLanguage\":\"en-GB\"},{\"@type\":\"WebPage\",\"@id\":\"https:\/\/www.eboo.fr\/eboo-cloud\/#webpage\",\"url\":\"https:\/\/www.eboo.fr\/eboo-cloud\/\",\"name\":\"eboo cloud - eboo\",\"isPartOf\":{\"@id\":\"https:\/\/www.eboo.fr\/#website\"},\"datePublished\":\"2018-07-22T16:35:45+00:00\",\"dateModified\":\"2019-01-27T15:24:36+00:00\",\"breadcrumb\":{\"@id\":\"https:\/\/www.eboo.fr\/eboo-cloud\/#breadcrumb\"},\"inLanguage\":\"en-GB\",\"potentialAction\":[{\"@type\":\"ReadAction\",\"target\":[\"https:\/\/www.eboo.fr\/eboo-cloud\/\"]}]},{\"@type\":\"BreadcrumbList\",\"@id\":\"https:\/\/www.eboo.fr\/eboo-cloud\/#breadcrumb\",\"itemListElement\":[{\"@type\":\"ListItem\",\"position\":1,\"name\":\"Accueil\",\"item\":\"https:\/\/www.eboo.fr\/\"},{\"@type\":\"ListItem\",\"position\":2,\"name\":\"eboo cloud\"}]}]}<\/script>\n<!-- \/ Yoast SEO plugin. -->","yoast_head_json":{"title":"eboo cloud - eboo","robots":{"index":"index","follow":"follow","max-snippet":"max-snippet:-1","max-image-preview":"max-image-preview:large","max-video-preview":"max-video-preview:-1"},"canonical":"https:\/\/www.eboo.fr\/en\/eboo-cloud\/","og_locale":"en_GB","og_type":"article","og_title":"eboo cloud - eboo","og_description":"eboo cloudS\u00e9curisez encore plus facilement vos locaux avec la vid\u00e9osurveillance sur le Cloud. Cette solution efficace est parfaite pour les petites entreprises ou les groupes disposant de plusieurs sites, tels que les cha\u00eenes de distribution.\u00a0eboo cloud est un service de surveillance bas\u00e9 sur un abonnement, vous r\u00e9duisez ainsi votre investissement initial tout en \u00e9tant assur\u00e9 [&hellip;]","og_url":"https:\/\/www.eboo.fr\/en\/eboo-cloud\/","og_site_name":"eboo","article_modified_time":"2019-01-27T15:24:36+00:00","twitter_card":"summary_large_image","twitter_misc":{"Estimated reading time":"2 minutes"},"schema":{"@context":"https:\/\/schema.org","@graph":[{"@type":"Organization","@id":"https:\/\/www.eboo.fr\/#organization","name":"eboo solutions","url":"https:\/\/www.eboo.fr\/","sameAs":[],"logo":{"@type":"ImageObject","@id":"https:\/\/www.eboo.fr\/#logo","inLanguage":"en-GB","url":"https:\/\/www.eboo.fr\/wp-content\/uploads\/eboo_logo_1080x1080.png","contentUrl":"https:\/\/www.eboo.fr\/wp-content\/uploads\/eboo_logo_1080x1080.png","width":1080,"height":1080,"caption":"eboo solutions"},"image":{"@id":"https:\/\/www.eboo.fr\/#logo"}},{"@type":"WebSite","@id":"https:\/\/www.eboo.fr\/#website","url":"https:\/\/www.eboo.fr\/","name":"eboo solutions","description":"la vid\u00e9osurveillance simplement efficace !","publisher":{"@id":"https:\/\/www.eboo.fr\/#organization"},"potentialAction":[{"@type":"SearchAction","target":{"@type":"EntryPoint","urlTemplate":"https:\/\/www.eboo.fr\/?s={search_term_string}"},"query-input":"required name=search_term_string"}],"inLanguage":"en-GB"},{"@type":"WebPage","@id":"https:\/\/www.eboo.fr\/eboo-cloud\/#webpage","url":"https:\/\/www.eboo.fr\/eboo-cloud\/","name":"eboo cloud - eboo","isPartOf":{"@id":"https:\/\/www.eboo.fr\/#website"},"datePublished":"2018-07-22T16:35:45+00:00","dateModified":"2019-01-27T15:24:36+00:00","breadcrumb":{"@id":"https:\/\/www.eboo.fr\/eboo-cloud\/#breadcrumb"},"inLanguage":"en-GB","potentialAction":[{"@type":"ReadAction","target":["https:\/\/www.eboo.fr\/eboo-cloud\/"]}]},{"@type":"BreadcrumbList","@id":"https:\/\/www.eboo.fr\/eboo-cloud\/#breadcrumb","itemListElement":[{"@type":"ListItem","position":1,"name":"Accueil","item":"https:\/\/www.eboo.fr\/"},{"@type":"ListItem","position":2,"name":"eboo cloud"}]}]}},"_links":{"self":[{"href":"https:\/\/www.eboo.fr\/en\/wp-json\/wp\/v2\/pages\/956"}],"collection":[{"href":"https:\/\/www.eboo.fr\/en\/wp-json\/wp\/v2\/pages"}],"about":[{"href":"https:\/\/www.eboo.fr\/en\/wp-json\/wp\/v2\/types\/page"}],"author":[{"embeddable":true,"href":"https:\/\/www.eboo.fr\/en\/wp-json\/wp\/v2\/users\/2"}],"replies":[{"embeddable":true,"href":"https:\/\/www.eboo.fr\/en\/wp-json\/wp\/v2\/comments?post=956"}],"version-history":[{"count":7,"href":"https:\/\/www.eboo.fr\/en\/wp-json\/wp\/v2\/pages\/956\/revisions"}],"predecessor-version":[{"id":1042,"href":"https:\/\/www.eboo.fr\/en\/wp-json\/wp\/v2\/pages\/956\/revisions\/1042"}],"wp:attachment":[{"href":"https:\/\/www.eboo.fr\/en\/wp-json\/wp\/v2\/media?parent=956"}],"curies":[{"name":"wp","href":"https:\/\/api.w.org\/{rel}","templated":true}]}}